{"id":8200,"date":"2021-01-14T15:08:48","date_gmt":"2021-01-14T15:08:48","guid":{"rendered":"https:\/\/www.ml-gaudrat.com\/terms-of-use\/"},"modified":"2022-05-21T12:03:52","modified_gmt":"2022-05-21T12:03:52","slug":"terms-of-use","status":"publish","type":"page","link":"https:\/\/www.ml-gaudrat.com\/en\/terms-of-use\/","title":{"rendered":"Terms of use"},"content":{"rendered":"\t\t<div data-elementor-type=\"wp-page\" data-elementor-id=\"8200\" class=\"elementor elementor-8200 elementor-3\" data-elementor-post-type=\"page\">\n\t\t\t\t\t\t<section class=\"elementor-section elementor-top-section elementor-element elementor-element-61e5c786 elementor-section-boxed elementor-section-height-default elementor-section-height-default\" data-id=\"61e5c786\" data-element_type=\"section\" data-e-type=\"section\">\n\t\t\t\t\t\t<div class=\"elementor-container elementor-column-gap-default\">\n\t\t\t\t\t<div class=\"elementor-column elementor-col-100 elementor-top-column elementor-element elementor-element-56642a06\" data-id=\"56642a06\" data-element_type=\"column\" data-e-type=\"column\">\n\t\t\t<div class=\"elementor-widget-wrap elementor-element-populated\">\n\t\t\t\t\t\t<div class=\"elementor-element elementor-element-6c32141 elementor-widget elementor-widget-heading\" data-id=\"6c32141\" data-element_type=\"widget\" data-e-type=\"widget\" data-widget_type=\"heading.default\">\n\t\t\t\t<div class=\"elementor-widget-container\">\n\t\t\t\t\t<h2 class=\"elementor-heading-title elementor-size-default\">LEGAL NOTICES<\/h2>\t\t\t\t<\/div>\n\t\t\t\t<\/div>\n\t\t\t\t<div class=\"elementor-element elementor-element-44cf6e1 elementor-widget elementor-widget-heading\" data-id=\"44cf6e1\" data-element_type=\"widget\" data-e-type=\"widget\" data-widget_type=\"heading.default\">\n\t\t\t\t<div class=\"elementor-widget-container\">\n\t\t\t\t\t<h2 class=\"elementor-heading-title elementor-size-default\">TERMS OF USE<\/h2>\t\t\t\t<\/div>\n\t\t\t\t<\/div>\n\t\t\t\t<div class=\"elementor-element elementor-element-734a0ab elementor-widget elementor-widget-spacer\" data-id=\"734a0ab\" data-element_type=\"widget\" data-e-type=\"widget\" data-widget_type=\"spacer.default\">\n\t\t\t\t<div class=\"elementor-widget-container\">\n\t\t\t\t\t\t\t<div class=\"elementor-spacer\">\n\t\t\t<div class=\"elementor-spacer-inner\"><\/div>\n\t\t<\/div>\n\t\t\t\t\t\t<\/div>\n\t\t\t\t<\/div>\n\t\t\t\t<div class=\"elementor-element elementor-element-357ebab1 elementor-widget elementor-widget-text-editor\" data-id=\"357ebab1\" data-element_type=\"widget\" data-e-type=\"widget\" data-widget_type=\"text-editor.default\">\n\t\t\t\t<div class=\"elementor-widget-container\">\n\t\t\t\t\t\t\t\t\t<p><strong><em>Date de derni\u00e8re mise \u00e0 jour : 21 mai 2022<br><\/em><\/strong><\/p>\n<p>La poursuite de la navigation sur ce site vaut acceptation sans r\u00e9serve des <strong>Conditions d\u2019utilisation<\/strong> qui suivent. La version actuellement en ligne de ces dispositions et Conditions d\u2019utilisation est la seule opposable pendant toute la dur\u00e9e d\u2019utilisation du site et jusqu\u2019\u00e0 ce qu\u2019une nouvelle version la remplace. Elle forme, avec la <a href=\"https:\/\/www.ml-gaudrat.com\/en\/privacy-policy\/\">Politique de confidentialit\u00e9<\/a>, la <a href=\"https:\/\/www.ml-gaudrat.com\/en\/cookies-policy-eu\/\">Politique de cookies<\/a> et les <a href=\"https:\/\/www.ml-gaudrat.com\/en\/terms-of-sale\/\">Conditions g\u00e9n\u00e9rales de vente<\/a>, un ensemble contractuel (\u00ab <strong>Mentions l\u00e9gales<\/strong> \u00bb).<\/p>\n<p><strong>Article 1 \u2013 Informations l\u00e9gales<\/strong><br>1.1. Le Site de Marie Laurence Gaudrat (ci-apr\u00e8s le \u00ab <strong>Site<\/strong> \u00bb) est consultable \u00e0 l\u2019adresse suivante : <a href=\"https:\/\/www.ml-gaudrat.com\/en\/\">https:\/\/www.ml-gaudrat.com<\/a><br>1.2. \u00c9diteur du site<br>Le Site est \u00e9dit\u00e9 par l\u2019Association des Amis et Collectionneurs de Marie Laurence Gaudrat (ci-apr\u00e8s \u00ab l&#8217;\u00c9diteur \u00bb), dont le si\u00e8ge social est sis : 35, La Place, 37240 La Chapelle Blanche Saint Martin, pour le compte de Marie Laurence Gaudrat, dont les r\u00e9f\u00e9rences sont : <br>Num\u00e9ro de SIRET : 42852758400018 &#8211; NAF : 9003A &#8211; ADAGP : 164872<br>Directeur de la publication : Laure Quayret<br>1.3. Conception et r\u00e9alisation :<br>Louis Gaudrat<br>1.4. H\u00e9bergeur<br>Le Site est h\u00e9berg\u00e9 par la soci\u00e9t\u00e9 Hostinger International LTD, 61 Lordou Vironos Street, 6023 Larnaca, Chypre.<\/p>\n<p><strong>Article 2 \u2013 Acc\u00e8s au site<\/strong><br>L\u2019acc\u00e8s au Site et son utilisation sont r\u00e9serv\u00e9s \u00e0 un usage strictement personnel.<\/p>\n<p><strong>Article 3 \u2013 Contenu du site &#8211; Propri\u00e9t\u00e9 intellectuelle<\/strong><br>Toutes les photographies, textes, commentaires, illustrations, images, s\u00e9quences vid\u00e9o, sons, maquette et tout autre type de mat\u00e9riel graphique, ce compris les logos, pr\u00e9sent\u00e9s sur le Site, ainsi que tous les \u00e9l\u00e9ments reproduits ou utilis\u00e9s sur le Site, sont prot\u00e9g\u00e9s par les lois en vigueur au titre de la propri\u00e9t\u00e9 intellectuelle et du droit sous le contr\u00f4le de la Soci\u00e9t\u00e9 des auteurs dans les arts graphiques et plastiques (\u00a9ADAGP, Paris). Ils sont la propri\u00e9t\u00e9 pleine et enti\u00e8re de l\u2019\u00c9diteur.<\/p>\n<p>Toute reproduction ou repr\u00e9sentation de ces \u00e9l\u00e9ments pr\u00e9sents sur le Site, hors consultation individuelle et priv\u00e9e, doit faire l\u2019objet d\u2019une autorisation pr\u00e9alable de l\u2019ADAGP :<br>11, rue Duguay Trouin<br>75006 Paris<br>France<br>T\u00e9l\u00e9phone : +33 1 43 59 09 79<br>E-mail : <a href=\"mailto:adagp@adagp.fr\" target=\"_blank\" rel=\"noopener\">adagp@adagp.fr<\/a><br><a href=\"http:\/\/www.adagp.fr\" target=\"_blank\" rel=\"noopener\" data-saferedirecturl=\"https:\/\/www.google.com\/url?q=http:\/\/www.adagp.fr&amp;source=gmail&amp;ust=1622284555929000&amp;usg=AFQjCNFTrsq7VWzTOS9bZJRnlV1qM2TDEg\">www.adagp.fr<\/a><\/p>\n<p><strong>Article 4 \u2013 Gestion du site<\/strong><br>Pour la bonne gestion du Site, l\u2019\u00c9diteur pourra \u00e0 tout moment suspendre, interrompre ou limiter l\u2019acc\u00e8s \u00e0 tout ou partie du Site.<\/p>\n<p><strong>Article 5 \u2013 Responsabilit\u00e9s<\/strong><br>La responsabilit\u00e9 de l\u2019\u00c9diteur ne peut \u00eatre engag\u00e9e en cas de d\u00e9faillance, panne, difficult\u00e9 ou interruption de fonctionnement, emp\u00eachant l\u2019acc\u00e8s au site ou \u00e0 une des ses fonctionnalit\u00e9s.<\/p>\n<p>Les informations publi\u00e9es sur le Site sont diffus\u00e9es sans garantie d\u2019aucune sorte, ni explicite ni tacite. Les publications peuvent contenir des inexactitudes de nature technique ou autre, ou des erreurs typographiques. Les informations concernant les \u0153uvres pr\u00e9sent\u00e9es dans la rubrique &#8220;Exposition en ligne&#8221; sont r\u00e9gies par les clauses de la rubrique &#8220;conditions g\u00e9n\u00e9rales de vente&#8221;.<\/p>\n<p><strong>Article 6 \u2013 Liens hypertextes<\/strong><br>Toute information accessible via un lien vers d\u2019autres sites n\u2019est pas sous le contr\u00f4le de l\u2019\u00c9diteur qui d\u00e9cline toute responsabilit\u00e9 quant \u00e0 leur contenu, publicit\u00e9s, produits ou autres \u00e9l\u00e9ments disponibles sur ou via ces sites.<\/p>\n<p>La mise en place de tous liens hypertextes vers tout ou partie du Site est strictement interdite, sauf autorisation pr\u00e9alable et \u00e9crite de l\u2019\u00c9diteur. L\u2019\u00c9diteur est libre de refuser cette autorisation sans avoir \u00e0 justifier de quelque mani\u00e8re que ce soit sa d\u00e9cision. Dans le cas o\u00f9 l\u2019\u00c9diteur accorderait son autorisation, celle-ci n\u2019est dans tous les cas que temporaire et pourra \u00eatre retir\u00e9e \u00e0 tout moment, sans obligation de justification \u00e0 la charge de l\u2019\u00c9diteur. Dans tous les cas, tout lien devra \u00eatre retir\u00e9 sur simple demande de l\u2019\u00c9diteur.<\/p>\n<p><strong>Article 7 \u2013 Collecte de donn\u00e9es et cookies<\/strong><br>Les informations concernant la collecte de donn\u00e9es \u00e0 caract\u00e8re personnel et l&#8217;utilisation de cookies peuvent \u00eatre consult\u00e9es sur notre page relative \u00e0 la <a href=\"https:\/\/www.ml-gaudrat.com\/en\/privacy-policy\/\">politique de confidentialit\u00e9<\/a> ainsi que celle relative \u00e0 la <a href=\"https:\/\/www.ml-gaudrat.com\/en\/cookies-policy-eu\/\">politique de cookies<\/a>.<\/p>\n<p><strong>Article 8 \u2013 Loi applicable<\/strong><br>Les pr\u00e9sentes conditions d\u2019utilisation du Site sont r\u00e9gies par la loi fran\u00e7aise.<\/p>\n<p><strong>Article 9 \u2013 Contact<\/strong><br>Pour toute demande d&#8217;information concernant les \u0153uvres pr\u00e9sent\u00e9es sur le Site, ou le Site lui-m\u00eame, veuillez envoyer un message en utilisant le formulaire de contact.<\/p>\n<p>CR\u00c9DITS PHOTOGRAPHIQUES pour les images des \u0153uvres :<br>Marie Laurence Gaudrat, Atelier 80 et Bertrand Michau.<\/p>\n<p>TRADUCTION DU SITE EN ANGLAIS : Victor Pourcel<\/p>\n<p><\/p>\t\t\t\t\t\t\t\t<\/div>\n\t\t\t\t<\/div>\n\t\t\t\t\t<\/div>\n\t\t<\/div>\n\t\t\t\t\t<\/div>\n\t\t<\/section>\n\t\t\t\t<\/div>\n\t\t","protected":false},"excerpt":{"rendered":"<p>LEGAL NOTICES TERMS OF USE Date de derni\u00e8re mise \u00e0 jour : 21 mai 2022 La poursuite de la navigation sur ce site vaut acceptation sans r\u00e9serve des Conditions d\u2019utilisation qui suivent. La version actuellement en ligne de ces dispositions et Conditions d\u2019utilisation est la seule opposable pendant toute la dur\u00e9e d\u2019utilisation du site et [&hellip;]<\/p>\n","protected":false},"author":2,"featured_media":0,"parent":0,"menu_order":0,"comment_status":"closed","ping_status":"open","template":"","meta":{"site-sidebar-layout":"default","site-content-layout":"default","ast-site-content-layout":"default","site-content-style":"default","site-sidebar-style":"default","ast-global-header-display":"","ast-banner-title-visibility":"","ast-main-header-display":"","ast-hfb-above-header-display":"","ast-hfb-below-header-display":"","ast-hfb-mobile-header-display":"","site-post-title":"","ast-breadcrumbs-content":"","ast-featured-img":"","footer-sml-layout":"","ast-disable-related-posts":"","theme-transparent-header-meta":"default","adv-header-id-meta":"","stick-header-meta":"","header-above-stick-meta":"","header-main-stick-meta":"","header-below-stick-meta":"","astra-migrate-meta-layouts":"default","ast-page-background-enabled":"default","ast-page-background-meta":{"desktop":{"background-color":"","background-image":"","background-repeat":"repeat","background-position":"center center","background-size":"auto","background-attachment":"scroll","background-type":"","background-media":"","overlay-type":"","overlay-color":"","overlay-opacity":"","overlay-gradient":""},"tablet":{"background-color":"","background-image":"","background-repeat":"repeat","background-position":"center center","background-size":"auto","background-attachment":"scroll","background-type":"","background-media":"","overlay-type":"","overlay-color":"","overlay-opacity":"","overlay-gradient":""},"mobile":{"background-color":"","background-image":"","background-repeat":"repeat","background-position":"center center","background-size":"auto","background-attachment":"scroll","background-type":"","background-media":"","overlay-type":"","overlay-color":"","overlay-opacity":"","overlay-gradient":""}},"ast-content-background-meta":{"desktop":{"background-color":"var(--ast-global-color-5)","background-image":"","background-repeat":"repeat","background-position":"center center","background-size":"auto","background-attachment":"scroll","background-type":"","background-media":"","overlay-type":"","overlay-color":"","overlay-opacity":"","overlay-gradient":""},"tablet":{"background-color":"var(--ast-global-color-5)","background-image":"","background-repeat":"repeat","background-position":"center center","background-size":"auto","background-attachment":"scroll","background-type":"","background-media":"","overlay-type":"","overlay-color":"","overlay-opacity":"","overlay-gradient":""},"mobile":{"background-color":"var(--ast-global-color-5)","background-image":"","background-repeat":"repeat","background-position":"center center","background-size":"auto","background-attachment":"scroll","background-type":"","background-media":"","overlay-type":"","overlay-color":"","overlay-opacity":"","overlay-gradient":""}},"footnotes":""},"class_list":["post-8200","page","type-page","status-publish","hentry"],"yoast_head":"<!-- This site is optimized with the Yoast SEO plugin v27.3 - https:\/\/yoast.com\/product\/yoast-seo-wordpress\/ -->\n<title>Terms of use - Marie Laurence Gaudrat<\/title>\n<meta name=\"robots\" content=\"index, follow, max-snippet:-1, max-image-preview:large, max-video-preview:-1\" \/>\n<link rel=\"canonical\" href=\"https:\/\/www.ml-gaudrat.com\/en\/terms-of-use\/\" \/>\n<meta property=\"og:locale\" content=\"en_US\" \/>\n<meta property=\"og:type\" content=\"article\" \/>\n<meta property=\"og:title\" content=\"Terms of use - Marie Laurence Gaudrat\" \/>\n<meta property=\"og:description\" content=\"LEGAL NOTICES TERMS OF USE Date de derni\u00e8re mise \u00e0 jour : 21 mai 2022 La poursuite de la navigation sur ce site vaut acceptation sans r\u00e9serve des Conditions d\u2019utilisation qui suivent. La version actuellement en ligne de ces dispositions et Conditions d\u2019utilisation est la seule opposable pendant toute la dur\u00e9e d\u2019utilisation du site et [&hellip;]\" \/>\n<meta property=\"og:url\" content=\"https:\/\/www.ml-gaudrat.com\/en\/terms-of-use\/\" \/>\n<meta property=\"og:site_name\" content=\"Marie Laurence Gaudrat\" \/>\n<meta property=\"article:modified_time\" content=\"2022-05-21T12:03:52+00:00\" \/>\n<meta name=\"twitter:card\" content=\"summary_large_image\" \/>\n<meta name=\"twitter:label1\" content=\"Est. reading time\" \/>\n\t<meta name=\"twitter:data1\" content=\"4 minutes\" \/>\n<script type=\"application\/ld+json\" class=\"yoast-schema-graph\">{\"@context\":\"https:\\\/\\\/schema.org\",\"@graph\":[{\"@type\":\"WebPage\",\"@id\":\"https:\\\/\\\/www.ml-gaudrat.com\\\/en\\\/terms-of-use\\\/\",\"url\":\"https:\\\/\\\/www.ml-gaudrat.com\\\/en\\\/terms-of-use\\\/\",\"name\":\"Terms of use - Marie Laurence Gaudrat\",\"isPartOf\":{\"@id\":\"https:\\\/\\\/www.ml-gaudrat.com\\\/#website\"},\"datePublished\":\"2021-01-14T15:08:48+00:00\",\"dateModified\":\"2022-05-21T12:03:52+00:00\",\"breadcrumb\":{\"@id\":\"https:\\\/\\\/www.ml-gaudrat.com\\\/en\\\/terms-of-use\\\/#breadcrumb\"},\"inLanguage\":\"en-US\",\"potentialAction\":[{\"@type\":\"ReadAction\",\"target\":[\"https:\\\/\\\/www.ml-gaudrat.com\\\/en\\\/terms-of-use\\\/\"]}]},{\"@type\":\"BreadcrumbList\",\"@id\":\"https:\\\/\\\/www.ml-gaudrat.com\\\/en\\\/terms-of-use\\\/#breadcrumb\",\"itemListElement\":[{\"@type\":\"ListItem\",\"position\":1,\"name\":\"Accueil\",\"item\":\"https:\\\/\\\/www.ml-gaudrat.com\\\/en\\\/home\\\/\"},{\"@type\":\"ListItem\",\"position\":2,\"name\":\"Terms of use\"}]},{\"@type\":\"WebSite\",\"@id\":\"https:\\\/\\\/www.ml-gaudrat.com\\\/#website\",\"url\":\"https:\\\/\\\/www.ml-gaudrat.com\\\/\",\"name\":\"Marie Laurence Gaudrat\",\"description\":\"\",\"publisher\":{\"@id\":\"https:\\\/\\\/www.ml-gaudrat.com\\\/#\\\/schema\\\/person\\\/2adfeaf421df5d16c2b8fd068107a61c\"},\"potentialAction\":[{\"@type\":\"SearchAction\",\"target\":{\"@type\":\"EntryPoint\",\"urlTemplate\":\"https:\\\/\\\/www.ml-gaudrat.com\\\/?s={search_term_string}\"},\"query-input\":{\"@type\":\"PropertyValueSpecification\",\"valueRequired\":true,\"valueName\":\"search_term_string\"}}],\"inLanguage\":\"en-US\"},{\"@type\":[\"Person\",\"Organization\"],\"@id\":\"https:\\\/\\\/www.ml-gaudrat.com\\\/#\\\/schema\\\/person\\\/2adfeaf421df5d16c2b8fd068107a61c\",\"name\":\"Marie Laurence Gaudrat\",\"image\":{\"@type\":\"ImageObject\",\"inLanguage\":\"en-US\",\"@id\":\"https:\\\/\\\/www.ml-gaudrat.com\\\/wp-content\\\/uploads\\\/2021\\\/06\\\/Logo.png\",\"url\":\"https:\\\/\\\/www.ml-gaudrat.com\\\/wp-content\\\/uploads\\\/2021\\\/06\\\/Logo.png\",\"contentUrl\":\"https:\\\/\\\/www.ml-gaudrat.com\\\/wp-content\\\/uploads\\\/2021\\\/06\\\/Logo.png\",\"width\":512,\"height\":532,\"caption\":\"Marie Laurence Gaudrat\"},\"logo\":{\"@id\":\"https:\\\/\\\/www.ml-gaudrat.com\\\/wp-content\\\/uploads\\\/2021\\\/06\\\/Logo.png\"},\"sameAs\":[\"https:\\\/\\\/www.ml-gaudrat.com\\\/\"]}]}<\/script>\n<!-- \/ Yoast SEO plugin. -->","yoast_head_json":{"title":"Terms of use - Marie Laurence Gaudrat","robots":{"index":"index","follow":"follow","max-snippet":"max-snippet:-1","max-image-preview":"max-image-preview:large","max-video-preview":"max-video-preview:-1"},"canonical":"https:\/\/www.ml-gaudrat.com\/en\/terms-of-use\/","og_locale":"en_US","og_type":"article","og_title":"Terms of use - Marie Laurence Gaudrat","og_description":"LEGAL NOTICES TERMS OF USE Date de derni\u00e8re mise \u00e0 jour : 21 mai 2022 La poursuite de la navigation sur ce site vaut acceptation sans r\u00e9serve des Conditions d\u2019utilisation qui suivent. La version actuellement en ligne de ces dispositions et Conditions d\u2019utilisation est la seule opposable pendant toute la dur\u00e9e d\u2019utilisation du site et [&hellip;]","og_url":"https:\/\/www.ml-gaudrat.com\/en\/terms-of-use\/","og_site_name":"Marie Laurence Gaudrat","article_modified_time":"2022-05-21T12:03:52+00:00","twitter_card":"summary_large_image","twitter_misc":{"Est. reading time":"4 minutes"},"schema":{"@context":"https:\/\/schema.org","@graph":[{"@type":"WebPage","@id":"https:\/\/www.ml-gaudrat.com\/en\/terms-of-use\/","url":"https:\/\/www.ml-gaudrat.com\/en\/terms-of-use\/","name":"Terms of use - Marie Laurence Gaudrat","isPartOf":{"@id":"https:\/\/www.ml-gaudrat.com\/#website"},"datePublished":"2021-01-14T15:08:48+00:00","dateModified":"2022-05-21T12:03:52+00:00","breadcrumb":{"@id":"https:\/\/www.ml-gaudrat.com\/en\/terms-of-use\/#breadcrumb"},"inLanguage":"en-US","potentialAction":[{"@type":"ReadAction","target":["https:\/\/www.ml-gaudrat.com\/en\/terms-of-use\/"]}]},{"@type":"BreadcrumbList","@id":"https:\/\/www.ml-gaudrat.com\/en\/terms-of-use\/#breadcrumb","itemListElement":[{"@type":"ListItem","position":1,"name":"Accueil","item":"https:\/\/www.ml-gaudrat.com\/en\/home\/"},{"@type":"ListItem","position":2,"name":"Terms of use"}]},{"@type":"WebSite","@id":"https:\/\/www.ml-gaudrat.com\/#website","url":"https:\/\/www.ml-gaudrat.com\/","name":"Marie Laurence Gaudrat","description":"","publisher":{"@id":"https:\/\/www.ml-gaudrat.com\/#\/schema\/person\/2adfeaf421df5d16c2b8fd068107a61c"},"potentialAction":[{"@type":"SearchAction","target":{"@type":"EntryPoint","urlTemplate":"https:\/\/www.ml-gaudrat.com\/?s={search_term_string}"},"query-input":{"@type":"PropertyValueSpecification","valueRequired":true,"valueName":"search_term_string"}}],"inLanguage":"en-US"},{"@type":["Person","Organization"],"@id":"https:\/\/www.ml-gaudrat.com\/#\/schema\/person\/2adfeaf421df5d16c2b8fd068107a61c","name":"Marie Laurence Gaudrat","image":{"@type":"ImageObject","inLanguage":"en-US","@id":"https:\/\/www.ml-gaudrat.com\/wp-content\/uploads\/2021\/06\/Logo.png","url":"https:\/\/www.ml-gaudrat.com\/wp-content\/uploads\/2021\/06\/Logo.png","contentUrl":"https:\/\/www.ml-gaudrat.com\/wp-content\/uploads\/2021\/06\/Logo.png","width":512,"height":532,"caption":"Marie Laurence Gaudrat"},"logo":{"@id":"https:\/\/www.ml-gaudrat.com\/wp-content\/uploads\/2021\/06\/Logo.png"},"sameAs":["https:\/\/www.ml-gaudrat.com\/"]}]}},"_links":{"self":[{"href":"https:\/\/www.ml-gaudrat.com\/en\/wp-json\/wp\/v2\/pages\/8200","targetHints":{"allow":["GET"]}}],"collection":[{"href":"https:\/\/www.ml-gaudrat.com\/en\/wp-json\/wp\/v2\/pages"}],"about":[{"href":"https:\/\/www.ml-gaudrat.com\/en\/wp-json\/wp\/v2\/types\/page"}],"author":[{"embeddable":true,"href":"https:\/\/www.ml-gaudrat.com\/en\/wp-json\/wp\/v2\/users\/2"}],"replies":[{"embeddable":true,"href":"https:\/\/www.ml-gaudrat.com\/en\/wp-json\/wp\/v2\/comments?post=8200"}],"version-history":[{"count":0,"href":"https:\/\/www.ml-gaudrat.com\/en\/wp-json\/wp\/v2\/pages\/8200\/revisions"}],"wp:attachment":[{"href":"https:\/\/www.ml-gaudrat.com\/en\/wp-json\/wp\/v2\/media?parent=8200"}],"curies":[{"name":"wp","href":"https:\/\/api.w.org\/{rel}","templated":true}]}}